{"id":783,"date":"2021-01-23T14:40:55","date_gmt":"2021-01-23T11:40:55","guid":{"rendered":"http:\/\/www.grafas.org\/demo07\/?page_id=783"},"modified":"2025-06-13T13:56:12","modified_gmt":"2025-06-13T16:56:12","slug":"practice-areas","status":"publish","type":"page","link":"https:\/\/advexbrasil.com.br\/?page_id=783","title":{"rendered":"Practice Areas"},"content":{"rendered":"\t\t<div data-elementor-type=\"wp-page\" data-elementor-id=\"783\" class=\"elementor elementor-783\">\n\t\t\t\t\t\t<section class=\"elementor-section elementor-top-section elementor-element elementor-element-d1b8091 elementor-section-height-min-height elementor-section-items-bottom elementor-section-boxed elementor-section-height-default\" data-id=\"d1b8091\" data-element_type=\"section\" data-settings=\"{&quot;background_background&quot;:&quot;classic&quot;}\">\n\t\t\t\t\t\t\t<div class=\"elementor-background-overlay\"><\/div>\n\t\t\t\t\t\t\t<div class=\"elementor-container elementor-column-gap-default\">\n\t\t\t\t\t<div class=\"elementor-column elementor-col-50 elementor-top-column elementor-element elementor-element-8ef2c6d\" data-id=\"8ef2c6d\" data-element_type=\"column\">\n\t\t\t<div class=\"elementor-widget-wrap elementor-element-populated\">\n\t\t\t\t\t\t<div class=\"elementor-element elementor-element-2ca1a76 elementor-widget elementor-widget-heading\" data-id=\"2ca1a76\" data-element_type=\"widget\" data-widget_type=\"heading.default\">\n\t\t\t\t<div class=\"elementor-widget-container\">\n\t\t\t\t\t<h1 class=\"elementor-heading-title elementor-size-default\">Produtos<\/h1>\t\t\t\t<\/div>\n\t\t\t\t<\/div>\n\t\t\t\t\t<\/div>\n\t\t<\/div>\n\t\t\t\t<div class=\"elementor-column elementor-col-50 elementor-top-column elementor-element elementor-element-26f37cc\" data-id=\"26f37cc\" data-element_type=\"column\">\n\t\t\t<div class=\"elementor-widget-wrap\">\n\t\t\t\t\t\t\t<\/div>\n\t\t<\/div>\n\t\t\t\t\t<\/div>\n\t\t<\/section>\n\t\t\t\t<section class=\"elementor-section elementor-top-section elementor-element elementor-element-8a49c31 elementor-section-boxed elementor-section-height-default elementor-section-height-default\" data-id=\"8a49c31\" data-element_type=\"section\" data-settings=\"{&quot;background_background&quot;:&quot;classic&quot;}\">\n\t\t\t\t\t\t<div class=\"elementor-container elementor-column-gap-default\">\n\t\t\t\t\t<div class=\"elementor-column elementor-col-100 elementor-top-column elementor-element elementor-element-be38919\" data-id=\"be38919\" data-element_type=\"column\">\n\t\t\t<div class=\"elementor-widget-wrap elementor-element-populated\">\n\t\t\t\t\t\t<section class=\"elementor-section elementor-inner-section elementor-element elementor-element-3571846 elementor-section-boxed elementor-section-height-default elementor-section-height-default\" data-id=\"3571846\" data-element_type=\"section\">\n\t\t\t\t\t\t<div class=\"elementor-container elementor-column-gap-default\">\n\t\t\t\t\t<div class=\"elementor-column elementor-col-25 elementor-inner-column elementor-element elementor-element-8984d80\" data-id=\"8984d80\" data-element_type=\"column\">\n\t\t\t<div class=\"elementor-widget-wrap elementor-element-populated\">\n\t\t\t\t\t\t<div class=\"elementor-element elementor-element-3f05776 elementor-widget elementor-widget-heading\" data-id=\"3f05776\" data-element_type=\"widget\" data-widget_type=\"heading.default\">\n\t\t\t\t<div class=\"elementor-widget-container\">\n\t\t\t\t\t<h3 class=\"elementor-heading-title elementor-size-default\">Bebidas<\/h3>\t\t\t\t<\/div>\n\t\t\t\t<\/div>\n\t\t\t\t<div class=\"elementor-element elementor-element-0c50a4d elementor-widget elementor-widget-text-editor\" data-id=\"0c50a4d\" data-element_type=\"widget\" data-widget_type=\"text-editor.default\">\n\t\t\t\t<div class=\"elementor-widget-container\">\n\t\t\t\t\t\t\t\t\t<ul><li>\u00c1cido Citrico<\/li><li>\u00c1cido M\u00e1lico<\/li><li>\u00c1cido S\u00f3rbico<\/li><li>\u00c1cido Tart\u00e1rico<\/li><li>Aromas<\/li><li>Aspartame<\/li><li>Benzoato de S\u00f3dio<\/li><li>Ciclamato de S\u00f3dio<\/li><li>Citrato de Pot\u00e1ssio<\/li><li>Citrato de S\u00f3dio<\/li><li>Cloreto de Pot\u00e1ssio<\/li><li>CMC<\/li><li>Corantes<\/li><li>Di\u00f3xido de Tit\u00e2nio<\/li><li>Frutose<\/li><li>Goma Guar<\/li><li>Goma Xantana<\/li><li>Mix<\/li><li>Sorbato de Pot\u00e1ssio<\/li><li>Taurina<\/li><li>Vanilina<\/li><\/ul>\t\t\t\t\t\t\t\t<\/div>\n\t\t\t\t<\/div>\n\t\t\t\t\t<\/div>\n\t\t<\/div>\n\t\t\t\t<div class=\"elementor-column elementor-col-25 elementor-inner-column elementor-element elementor-element-d474db0\" data-id=\"d474db0\" data-element_type=\"column\">\n\t\t\t<div class=\"elementor-widget-wrap elementor-element-populated\">\n\t\t\t\t\t\t<div class=\"elementor-element elementor-element-c1232cf elementor-widget elementor-widget-heading\" data-id=\"c1232cf\" data-element_type=\"widget\" data-widget_type=\"heading.default\">\n\t\t\t\t<div class=\"elementor-widget-container\">\n\t\t\t\t\t<h3 class=\"elementor-heading-title elementor-size-default\">Cosm\u00e9ticos<\/h3>\t\t\t\t<\/div>\n\t\t\t\t<\/div>\n\t\t\t\t<div class=\"elementor-element elementor-element-29d10c5 elementor-widget elementor-widget-text-editor\" data-id=\"29d10c5\" data-element_type=\"widget\" data-widget_type=\"text-editor.default\">\n\t\t\t\t<div class=\"elementor-widget-container\">\n\t\t\t\t\t\t\t\t\t<ul><li>\u00c1cido Asc\u00f3rbico<\/li><li>\u00c1cido B\u00f3rico<\/li><li>\u00c1cido C\u00edtrico<\/li><li>\u00c1lcool Et\u00edlico Anidro<\/li><li>Amida 60<\/li><li>Amida 80<\/li><li>Amida 90<\/li><li>Beta\u00edna<\/li><li>Bicarbonato de S\u00f3dio<\/li><li>\u2022 Bor\u00e1x<\/li><li>Butilglicol<\/li><li>Carbomero 940<\/li><li>Carbonato de C\u00e1lcio<\/li><li>Cloreto de Benzalconeo<\/li><li>Detergente<\/li><li>EDTA<\/li><li>Glicerina Bi-Destilada<\/li><li>Goma Xantana<\/li><li>Lauril \u00c9ter Sulfato de S\u00f3dio<\/li><li>Metabissulfito de S\u00f3dio<\/li><li>NonilFenol<\/li><li>\u00d3leo Mineral<\/li><li>Per\u00f3xido de Hidrog\u00eanio<\/li><li>Potassa Caustica Escamas<\/li><li>Propilenoglicol<\/li><li>Silicato de S\u00f3dio Alcalino<\/li><li>Soda Caustica Escamas<\/li><li>Soda Caustica Liqu\u00edda<\/li><\/ul>\t\t\t\t\t\t\t\t<\/div>\n\t\t\t\t<\/div>\n\t\t\t\t\t<\/div>\n\t\t<\/div>\n\t\t\t\t<div class=\"elementor-column elementor-col-25 elementor-inner-column elementor-element elementor-element-5ce446e\" data-id=\"5ce446e\" data-element_type=\"column\">\n\t\t\t<div class=\"elementor-widget-wrap elementor-element-populated\">\n\t\t\t\t\t\t<div class=\"elementor-element elementor-element-ff2d6d3 elementor-widget elementor-widget-heading\" data-id=\"ff2d6d3\" data-element_type=\"widget\" data-widget_type=\"heading.default\">\n\t\t\t\t<div class=\"elementor-widget-container\">\n\t\t\t\t\t<h3 class=\"elementor-heading-title elementor-size-default\">Suplementos<\/h3>\t\t\t\t<\/div>\n\t\t\t\t<\/div>\n\t\t\t\t<div class=\"elementor-element elementor-element-0efdf85 elementor-widget elementor-widget-text-editor\" data-id=\"0efdf85\" data-element_type=\"widget\" data-widget_type=\"text-editor.default\">\n\t\t\t\t<div class=\"elementor-widget-container\">\n\t\t\t\t\t\t\t\t\t<ul><li>L-Leucina<\/li><li>L-Isoleucina<\/li><li>L-Valina<\/li><li>L-Isoleucina<\/li><li>L-Valina<\/li><li>L-Glutamina<\/li><li>Beta Alanina<\/li><li>L-Carnitina<\/li><li>L-Ciste\u00edna<\/li><li>L-Arginina<\/li><li>Creatina<\/li><li>Acessulfame k<\/li><li>Aspartame<\/li><li>Ciclamato<\/li><li>Sacarina<\/li><li>Stevia<\/li><li>Sucralose<\/li><\/ul>\t\t\t\t\t\t\t\t<\/div>\n\t\t\t\t<\/div>\n\t\t\t\t\t<\/div>\n\t\t<\/div>\n\t\t\t\t<div class=\"elementor-column elementor-col-25 elementor-inner-column elementor-element elementor-element-29f03e9\" data-id=\"29f03e9\" data-element_type=\"column\">\n\t\t\t<div class=\"elementor-widget-wrap elementor-element-populated\">\n\t\t\t\t\t\t<div class=\"elementor-element elementor-element-aaa25cd elementor-widget elementor-widget-heading\" data-id=\"aaa25cd\" data-element_type=\"widget\" data-widget_type=\"heading.default\">\n\t\t\t\t<div class=\"elementor-widget-container\">\n\t\t\t\t\t<h3 class=\"elementor-heading-title elementor-size-default\">Tintas e Vernizes<\/h3>\t\t\t\t<\/div>\n\t\t\t\t<\/div>\n\t\t\t\t<div class=\"elementor-element elementor-element-c172b98 elementor-widget elementor-widget-text-editor\" data-id=\"c172b98\" data-element_type=\"widget\" data-widget_type=\"text-editor.default\">\n\t\t\t\t<div class=\"elementor-widget-container\">\n\t\t\t\t\t\t\t\t\t<ul><li>\u00c1cido B\u00f3rico<\/li><li>\u00c1cido fosf\u00f3rico<\/li><li>\u00c1cido Maleico<\/li><li>Breu<\/li><li>Butanol<\/li><li>Carbonato de C\u00e1lcio<\/li><li>Di\u00f3xido de Tit\u00e2nio<\/li><li>Glicerina Bi-Destilada<\/li><li>Goma Guar<\/li><li>Nitrito de s\u00f3dio<\/li><li>Octanol<\/li><li>\u00d3leo Mineral<\/li><li>Paraformalde\u00eddo<\/li><li>Persulfato de Am\u00f4nio<\/li><li>Persulfato de s\u00f3dio<\/li><li>Potassa Caustica Escamas<\/li><li>Propilenoglicol<\/li><li>Soda Caustica Escamas<\/li><li>Soda Caustica Liqu\u00edda<\/li><\/ul>\t\t\t\t\t\t\t\t<\/div>\n\t\t\t\t<\/div>\n\t\t\t\t\t<\/div>\n\t\t<\/div>\n\t\t\t\t\t<\/div>\n\t\t<\/section>\n\t\t\t\t<section class=\"elementor-section elementor-inner-section elementor-element elementor-element-907d020 elementor-section-boxed elementor-section-height-default elementor-section-height-default\" data-id=\"907d020\" data-element_type=\"section\">\n\t\t\t\t\t\t<div class=\"elementor-container elementor-column-gap-default\">\n\t\t\t\t\t<div class=\"elementor-column elementor-col-25 elementor-inner-column elementor-element elementor-element-cfb2ecf\" data-id=\"cfb2ecf\" data-element_type=\"column\">\n\t\t\t<div class=\"elementor-widget-wrap elementor-element-populated\">\n\t\t\t\t\t\t<div class=\"elementor-element elementor-element-3ab7e26 elementor-widget elementor-widget-heading\" data-id=\"3ab7e26\" data-element_type=\"widget\" data-widget_type=\"heading.default\">\n\t\t\t\t<div class=\"elementor-widget-container\">\n\t\t\t\t\t<h3 class=\"elementor-heading-title elementor-size-default\">Domissanit\u00e1rios<\/h3>\t\t\t\t<\/div>\n\t\t\t\t<\/div>\n\t\t\t\t<div class=\"elementor-element elementor-element-e5d4336 elementor-widget elementor-widget-text-editor\" data-id=\"e5d4336\" data-element_type=\"widget\" data-widget_type=\"text-editor.default\">\n\t\t\t\t<div class=\"elementor-widget-container\">\n\t\t\t\t\t\t\t\t\t<ul><li>\u00c1cido Ac\u00e9tico<\/li><li>\u00c1cido B\u00f3rico<\/li><li>\u00c1cido Citr\u00edco<\/li><li>\u00c1cido Clor\u00eddrico<\/li><li>\u00c1cido Forf\u00f3rico<\/li><li>\u00c1cido Forforoso<\/li><li>\u00c1cido F\u00f3rmico<\/li><li>\u00c1cido N\u00edtrico<\/li><li>\u00c1cido Ox\u00e1lico<\/li><li>\u00c1cido Per\u00e1cetico<\/li><li>\u00c1cido Sulf\u00f4nico\u00a0<\/li><li>\u00c1lcool Et\u00edlico Anidro<\/li><li>Amida 60<\/li><li>Amida 80<\/li><li>Amida 90<\/li><li>Barrilha Densa<\/li><li>Barrilha Leve<\/li><li>Base para Amaciante<\/li><li>Base P\u00e9rola<\/li><li>Beta\u00edna<\/li><li>Bicarbonato de s\u00f3dio<\/li><li>Bissulfito de S\u00f3dio<\/li><li>Bor\u00e1x<\/li><li>Brancol<\/li><li>Butilglicol<\/li><li>Carbomero 940<\/li><li>Carbonato de C\u00e1lcio<\/li><li>Cloreto de Benzalconeo<\/li><li>Cloreto de C\u00e1lcio<\/li><li>Cloreto de Magn\u00e9sio Hexahidratado<\/li><li>Cloreto de S\u00f3dio<\/li><\/ul>\t\t\t\t\t\t\t\t<\/div>\n\t\t\t\t<\/div>\n\t\t\t\t\t<\/div>\n\t\t<\/div>\n\t\t\t\t<div class=\"elementor-column elementor-col-25 elementor-inner-column elementor-element elementor-element-64b72f9\" data-id=\"64b72f9\" data-element_type=\"column\">\n\t\t\t<div class=\"elementor-widget-wrap elementor-element-populated\">\n\t\t\t\t\t\t<div class=\"elementor-element elementor-element-f99de23 elementor-widget elementor-widget-text-editor\" data-id=\"f99de23\" data-element_type=\"widget\" data-widget_type=\"text-editor.default\">\n\t\t\t\t<div class=\"elementor-widget-container\">\n\t\t\t\t\t\t\t\t\t<ul><li>Detergente<\/li><li>Dicloroisocianurato<\/li><li>Dietanolamina<\/li><li>Di\u00f3xido de Tit\u00e2nio<\/li><li>EDTA<\/li><li>Formol<\/li><li>Glicerina Bi-Destilada<\/li><li>Gluconato de S\u00f3dio<\/li><li>Hexametafosfato de S\u00f3dio<\/li><li>Hidrossulfito de S\u00f3dio<\/li><li>Hipoclorito de C\u00e1lcio<\/li><li>Hipoclorito de S\u00f3dio<\/li><li>Lauril \u00c9ter Sulfato de S\u00f3dio<\/li><li>Metabissulfito de S\u00f3dio<\/li><li>NonilFenol<\/li><li>\u00d3leo Mineral<\/li><li>Paraformalde\u00eddo<\/li><li>Per\u00f3xido de Hidrog\u00eanio<\/li><li>Policloreto de Alum\u00ednio PAC 18 \/ 12%\u00a0<\/li><li>Potassa Caustica Escamas<\/li><li>Propilenoglicol<\/li><li>Ricinoleato de S\u00f3dio<\/li><li>Silicato de S\u00f3dio Alcalino<\/li><li>Soda Caustica Escamas<\/li><li>Soda Caustica Liqu\u00edda<\/li><li>Sulfato de Alum\u00ednio P\u00f3<\/li><li>Sulfato de Am\u00f4nio<\/li><li>Sulfato de Magn\u00e9sio<\/li><li>Sulfato de S\u00f3dio<\/li><li>Tripolifosfato de S\u00f3dio<\/li><li>Ureia<\/li><\/ul><p>.<\/p>\t\t\t\t\t\t\t\t<\/div>\n\t\t\t\t<\/div>\n\t\t\t\t\t<\/div>\n\t\t<\/div>\n\t\t\t\t<div class=\"elementor-column elementor-col-25 elementor-inner-column elementor-element elementor-element-a747937\" data-id=\"a747937\" data-element_type=\"column\">\n\t\t\t<div class=\"elementor-widget-wrap elementor-element-populated\">\n\t\t\t\t\t\t<div class=\"elementor-element elementor-element-428125d elementor-widget elementor-widget-heading\" data-id=\"428125d\" data-element_type=\"widget\" data-widget_type=\"heading.default\">\n\t\t\t\t<div class=\"elementor-widget-container\">\n\t\t\t\t\t<h3 class=\"elementor-heading-title elementor-size-default\">Alimentic\u00edos<\/h3>\t\t\t\t<\/div>\n\t\t\t\t<\/div>\n\t\t\t\t<div class=\"elementor-element elementor-element-63e9720 elementor-widget elementor-widget-text-editor\" data-id=\"63e9720\" data-element_type=\"widget\" data-widget_type=\"text-editor.default\">\n\t\t\t\t<div class=\"elementor-widget-container\">\n\t\t\t\t\t\t\t\t\t<ul><li>Acessulfame K<\/li><li>\u00c1cido Ac\u00e9tico<\/li><li>\u00c1cido Asc\u00f3rbico<\/li><li>\u00c1cido C\u00edtrico<\/li><li>\u00c1cido Fosf\u00f3rico<\/li><li>\u00c1cido Fum\u00e1rico<\/li><li>\u00c1cido L\u00e1tico 85%<\/li><li>\u00c1cido S\u00f3rbico<\/li><li>Amido de Milho<\/li><li>Aspartame<\/li><li>Benzoato de S\u00f3dio<\/li><li>Bicarbonato de Am\u00f4nio<\/li><li>Bicarbonato de S\u00f3dio<\/li><li>Cacau em P\u00f3<\/li><li>Cafe\u00edna Anidra<\/li><li>Carbonato de C\u00e1lcio<\/li><li>Ciclamato de S\u00f3dio<\/li><li>Citrato de Pot\u00e1ssio<\/li><\/ul>\t\t\t\t\t\t\t\t<\/div>\n\t\t\t\t<\/div>\n\t\t\t\t\t<\/div>\n\t\t<\/div>\n\t\t\t\t<div class=\"elementor-column elementor-col-25 elementor-inner-column elementor-element elementor-element-7cff492\" data-id=\"7cff492\" data-element_type=\"column\">\n\t\t\t<div class=\"elementor-widget-wrap elementor-element-populated\">\n\t\t\t\t\t\t<div class=\"elementor-element elementor-element-b54fe38 elementor-widget elementor-widget-text-editor\" data-id=\"b54fe38\" data-element_type=\"widget\" data-widget_type=\"text-editor.default\">\n\t\t\t\t<div class=\"elementor-widget-container\">\n\t\t\t\t\t\t\t\t\t<ul><li>Citrato de S\u00f3dio<\/li><li>Corantes<\/li><li>Cloreto de Pot\u00e1ssio<\/li><li>Cloreto de S\u00f3dio<\/li><li>Dextrose<\/li><li>Fosfato Tric\u00e1lcio<\/li><li>Glicerina Bi-destilada<\/li><li>Glutamato Monoss\u00f3dico<\/li><li>Goma Guar<\/li><li>Goma Xantana<\/li><li>Hexametafosfato de S\u00f3dio<\/li><li>Maltodextrina<\/li><li>Metabissulfito de S\u00f3dio<\/li><li>Sacarina S\u00f3dica<\/li><li>Sorbato de Pot\u00e1ssio<\/li><li>Sucralose<\/li><li>Tripolifosfato de S\u00f3dio<\/li><li>Vanilina<\/li><\/ul>\t\t\t\t\t\t\t\t<\/div>\n\t\t\t\t<\/div>\n\t\t\t\t\t<\/div>\n\t\t<\/div>\n\t\t\t\t\t<\/div>\n\t\t<\/section>\n\t\t\t\t<section class=\"elementor-section elementor-inner-section elementor-element elementor-element-c3aa12d elementor-section-boxed elementor-section-height-default elementor-section-height-default\" data-id=\"c3aa12d\" data-element_type=\"section\">\n\t\t\t\t\t\t<div class=\"elementor-container elementor-column-gap-default\">\n\t\t\t\t\t<div class=\"elementor-column elementor-col-50 elementor-inner-column elementor-element elementor-element-c771cd1\" data-id=\"c771cd1\" data-element_type=\"column\">\n\t\t\t<div class=\"elementor-widget-wrap elementor-element-populated\">\n\t\t\t\t\t\t<div class=\"elementor-element elementor-element-32d0ca6 elementor-widget elementor-widget-heading\" data-id=\"32d0ca6\" data-element_type=\"widget\" data-widget_type=\"heading.default\">\n\t\t\t\t<div class=\"elementor-widget-container\">\n\t\t\t\t\t<h3 class=\"elementor-heading-title elementor-size-default\">Aditivos Agro<\/h3>\t\t\t\t<\/div>\n\t\t\t\t<\/div>\n\t\t\t\t<div class=\"elementor-element elementor-element-ce2e9c7 elementor-widget elementor-widget-text-editor\" data-id=\"ce2e9c7\" data-element_type=\"widget\" data-widget_type=\"text-editor.default\">\n\t\t\t\t<div class=\"elementor-widget-container\">\n\t\t\t\t\t\t\t\t\t<p>\u2022 \u00c1cido Ac\u00e9tico<br data-start=\"203\" data-end=\"206\" \/>\u2022 \u00c1cido B\u00f3rico<br data-start=\"220\" data-end=\"223\" \/>\u2022 \u00c1cido C\u00edtrico<br data-start=\"238\" data-end=\"241\" \/>\u2022 \u00c1cido Fosf\u00f3rico<br data-start=\"258\" data-end=\"261\" data-is-only-node=\"\" \/>\u2022 \u00c1cido F\u00f3rmico<br data-start=\"276\" data-end=\"279\" \/>\u2022 \u00c1cido L\u00e1tico 85%<br data-start=\"297\" data-end=\"300\" \/>\u2022 \u00c1cido Maleico<br data-start=\"315\" data-end=\"318\" \/>\u2022 \u00c1cido N\u00edtrico<br data-start=\"333\" data-end=\"336\" \/>\u2022 \u00c1cido Sulf\u00f4nico<br data-start=\"353\" data-end=\"356\" \/>\u2022 Carbonato de C\u00e1lcio<br data-start=\"377\" data-end=\"380\" \/>\u2022 Cloreto de C\u00e1lcio<br data-start=\"399\" data-end=\"402\" \/>\u2022 Cloreto de Pot\u00e1ssio<br data-start=\"423\" data-end=\"426\" \/>\u2022 Cloreto de S\u00f3dio<br data-start=\"444\" data-end=\"447\" \/>\u2022 Di\u00f3xido de Tit\u00e2nio<br data-start=\"467\" data-end=\"470\" \/>\u2022 EDTA<br data-start=\"476\" data-end=\"479\" \/>\u2022 Glicerina Bi-Destilada<br data-start=\"503\" data-end=\"506\" \/>\u2022 Goma Guar<br data-start=\"517\" data-end=\"520\" \/>\u2022 Goma Xantana<br data-start=\"534\" data-end=\"537\" \/>\u2022 Hexametafosfato de S\u00f3dio<br data-start=\"563\" data-end=\"566\" \/>\u2022 Hipoclorito de C\u00e1lcio<br data-start=\"589\" data-end=\"592\" \/>\u2022 Nitrito de S\u00f3dio<br data-start=\"610\" data-end=\"613\" \/>\u2022 \u00d3leo Mineral<br data-start=\"627\" data-end=\"630\" \/>\u2022 Paraformalde\u00eddo<br data-start=\"647\" data-end=\"650\" \/>\u2022 Per\u00f3xido de Hidrog\u00eanio<br data-start=\"674\" data-end=\"677\" \/>\u2022 Persulfato de Am\u00f4nio<br data-start=\"699\" data-end=\"702\" \/>\u2022 Potassa Caustica Escamas<br data-start=\"728\" data-end=\"731\" \/>\u2022 Propilenoglicol<br data-start=\"748\" data-end=\"751\" \/>\u2022 Soda Caustica Escamas<br data-start=\"774\" data-end=\"777\" \/>\u2022 Soda Caustica L\u00edquida<br data-start=\"800\" data-end=\"803\" \/>\u2022 Sulfato de Am\u00f4nio<br data-start=\"822\" data-end=\"825\" \/>\u2022 Sulfato de Magn\u00e9sio<br data-start=\"846\" data-end=\"849\" \/>\u2022 Tripolifosfato de S\u00f3dio<br data-start=\"874\" data-end=\"877\" \/>\u2022 Ureia<\/p>\t\t\t\t\t\t\t\t<\/div>\n\t\t\t\t<\/div>\n\t\t\t\t\t<\/div>\n\t\t<\/div>\n\t\t\t\t<div class=\"elementor-column elementor-col-50 elementor-inner-column elementor-element elementor-element-f786581\" data-id=\"f786581\" data-element_type=\"column\">\n\t\t\t<div class=\"elementor-widget-wrap elementor-element-populated\">\n\t\t\t\t\t\t<div class=\"elementor-element elementor-element-3dece00 elementor-widget elementor-widget-heading\" data-id=\"3dece00\" data-element_type=\"widget\" data-widget_type=\"heading.default\">\n\t\t\t\t<div class=\"elementor-widget-container\">\n\t\t\t\t\t<h3 class=\"elementor-heading-title elementor-size-default\">Laboratorial<\/h3>\t\t\t\t<\/div>\n\t\t\t\t<\/div>\n\t\t\t\t<div class=\"elementor-element elementor-element-b5b580f elementor-widget elementor-widget-text-editor\" data-id=\"b5b580f\" data-element_type=\"widget\" data-widget_type=\"text-editor.default\">\n\t\t\t\t<div class=\"elementor-widget-container\">\n\t\t\t\t\t\t\t\t\t<p>\u2022 \u00c1cido Ac\u00e9tico<br data-start=\"324\" data-end=\"327\" \/>\u2022 \u00c1cido B\u00f3rico<br data-start=\"341\" data-end=\"344\" \/>\u2022 \u00c1cido C\u00edtrico<br data-start=\"359\" data-end=\"362\" \/>\u2022 \u00c1cido Clor\u00eddrico<br data-start=\"380\" data-end=\"383\" data-is-only-node=\"\" \/>\u2022 \u00c1cido F\u00f3rmico<br data-start=\"398\" data-end=\"401\" \/>\u2022 \u00c1cido N\u00edtrico<br data-start=\"416\" data-end=\"419\" \/>\u2022 \u00c1cido Ox\u00e1lico<br data-start=\"434\" data-end=\"437\" \/>\u2022 \u00c1cido Fosf\u00f3rico<br data-start=\"454\" data-end=\"457\" \/>\u2022 \u00c1cido Sulf\u00f4nico<br data-start=\"474\" data-end=\"477\" \/>\u2022 \u00c1cido Perac\u00e9tico<br data-start=\"495\" data-end=\"498\" \/>\u2022 \u00c1cido Tart\u00e1rico<br data-start=\"515\" data-end=\"518\" \/>\u2022 \u00c1lcool Et\u00edlico Anidro<br data-start=\"541\" data-end=\"544\" \/>\u2022 Bicarbonato de S\u00f3dio<br data-start=\"566\" data-end=\"569\" \/>\u2022 Bor\u00e1x<br data-start=\"576\" data-end=\"579\" \/>\u2022 Carbonato de C\u00e1lcio<br data-start=\"600\" data-end=\"603\" \/>\u2022 Cloreto de C\u00e1lcio<br data-start=\"622\" data-end=\"625\" \/>\u2022 Cloreto de Magn\u00e9sio Hexahidratado<br data-start=\"660\" data-end=\"663\" \/>\u2022 Cloreto de Pot\u00e1ssio<br data-start=\"684\" data-end=\"687\" \/>\u2022 Cloreto de S\u00f3dio<br data-start=\"705\" data-end=\"708\" \/>\u2022 Di\u00f3xido de Tit\u00e2nio<br data-start=\"728\" data-end=\"731\" \/>\u2022 EDTA<br data-start=\"737\" data-end=\"740\" \/>\u2022 Formol<br data-start=\"748\" data-end=\"751\" \/>\u2022 Glicerina Bi-Destilada<br data-start=\"775\" data-end=\"778\" \/>\u2022 Goma Guar<br data-start=\"789\" data-end=\"792\" \/>\u2022 Goma Xantana<br data-start=\"806\" data-end=\"809\" \/>\u2022 Hexametafosfato de S\u00f3dio<br data-start=\"835\" data-end=\"838\" \/>\u2022 Hidrossulfito de S\u00f3dio<br data-start=\"862\" data-end=\"865\" \/>\u2022 Hipoclorito de C\u00e1lcio<br data-start=\"888\" data-end=\"891\" \/>\u2022 Hipoclorito de S\u00f3dio<br data-start=\"913\" data-end=\"916\" \/>\u2022 Metabissulfito de S\u00f3dio<br data-start=\"941\" data-end=\"944\" \/>\u2022 Per\u00f3xido de Hidrog\u00eanio<br data-start=\"968\" data-end=\"971\" \/>\u2022 Policloreto de Alum\u00ednio PAC 18 \/ 12%<br data-start=\"1009\" data-end=\"1012\" \/>\u2022 Potassa Caustica Escamas<br data-start=\"1038\" data-end=\"1041\" \/>\u2022 Propilenoglicol<br data-start=\"1058\" data-end=\"1061\" \/>\u2022 Ricinoleato de S\u00f3dio<br data-start=\"1083\" data-end=\"1086\" \/>\u2022 Silicato de S\u00f3dio Alcalino<br data-start=\"1114\" data-end=\"1117\" \/>\u2022 Soda Caustica Escamas<br data-start=\"1140\" data-end=\"1143\" \/>\u2022 Soda Caustica L\u00edquida<br data-start=\"1166\" data-end=\"1169\" \/>\u2022 Sulfato de Am\u00f4nio<br data-start=\"1188\" data-end=\"1191\" \/>\u2022 Sulfato de Magn\u00e9sio<br data-start=\"1212\" data-end=\"1215\" \/>\u2022 Sulfato de S\u00f3dio<br data-start=\"1233\" data-end=\"1236\" \/>\u2022 Tripolifosfato de S\u00f3dio<br data-start=\"1261\" data-end=\"1264\" \/>\u2022 Ureia<\/p>\t\t\t\t\t\t\t\t<\/div>\n\t\t\t\t<\/div>\n\t\t\t\t\t<\/div>\n\t\t<\/div>\n\t\t\t\t\t<\/div>\n\t\t<\/section>\n\t\t\t\t\t<\/div>\n\t\t<\/div>\n\t\t\t\t\t<\/div>\n\t\t<\/section>\n\t\t\t\t<\/div>\n\t\t","protected":false},"excerpt":{"rendered":"<p>Produtos Bebidas \u00c1cido Citrico \u00c1cido M\u00e1lico \u00c1cido S\u00f3rbico \u00c1cido Tart\u00e1rico Aromas Aspartame Benzoato de S\u00f3dio Ciclamato de S\u00f3dio Citrato de Pot\u00e1ssio Citrato de S\u00f3dio Cloreto de Pot\u00e1ssio CMC Corantes Di\u00f3xido de Tit\u00e2nio Frutose Goma Guar Goma Xantana Mix Sorbato de Pot\u00e1ssio Taurina Vanilina Cosm\u00e9ticos \u00c1cido Asc\u00f3rbico \u00c1cido B\u00f3rico \u00c1cido C\u00edtrico \u00c1lcool Et\u00edlico Anidro Amida 60&#8230;<\/p>\n","protected":false},"author":1,"featured_media":0,"parent":0,"menu_order":0,"comment_status":"closed","ping_status":"closed","template":"","meta":{"_kadence_starter_templates_imported_post":true,"_kad_post_transparent":"","_kad_post_title":"hide","_kad_post_layout":"fullwidth","_kad_post_sidebar_id":"","_kad_post_content_style":"unboxed","_kad_post_vertical_padding":"hide","_kad_post_feature":"hide","_kad_post_feature_position":"","_kad_post_header":false,"_kad_post_footer":false,"footnotes":""},"class_list":["post-783","page","type-page","status-publish","hentry"],"_links":{"self":[{"href":"https:\/\/advexbrasil.com.br\/index.php?rest_route=\/wp\/v2\/pages\/783","targetHints":{"allow":["GET"]}}],"collection":[{"href":"https:\/\/advexbrasil.com.br\/index.php?rest_route=\/wp\/v2\/pages"}],"about":[{"href":"https:\/\/advexbrasil.com.br\/index.php?rest_route=\/wp\/v2\/types\/page"}],"author":[{"embeddable":true,"href":"https:\/\/advexbrasil.com.br\/index.php?rest_route=\/wp\/v2\/users\/1"}],"replies":[{"embeddable":true,"href":"https:\/\/advexbrasil.com.br\/index.php?rest_route=%2Fwp%2Fv2%2Fcomments&post=783"}],"version-history":[{"count":10,"href":"https:\/\/advexbrasil.com.br\/index.php?rest_route=\/wp\/v2\/pages\/783\/revisions"}],"predecessor-version":[{"id":1213,"href":"https:\/\/advexbrasil.com.br\/index.php?rest_route=\/wp\/v2\/pages\/783\/revisions\/1213"}],"wp:attachment":[{"href":"https:\/\/advexbrasil.com.br\/index.php?rest_route=%2Fwp%2Fv2%2Fmedia&parent=783"}],"curies":[{"name":"wp","href":"https:\/\/api.w.org\/{rel}","templated":true}]}}