{"id":878,"date":"2021-01-23T17:17:25","date_gmt":"2021-01-23T14:17:25","guid":{"rendered":"http:\/\/www.grafas.org\/demo07\/?page_id=878"},"modified":"2025-06-13T15:31:45","modified_gmt":"2025-06-13T18:31:45","slug":"contact","status":"publish","type":"page","link":"https:\/\/advexbrasil.com.br\/?page_id=878","title":{"rendered":"Contact"},"content":{"rendered":"\t\t<div data-elementor-type=\"wp-page\" data-elementor-id=\"878\" class=\"elementor elementor-878\">\n\t\t\t\t\t\t<section class=\"elementor-section elementor-top-section elementor-element elementor-element-d1b8091 elementor-section-height-min-height elementor-section-items-bottom elementor-section-boxed elementor-section-height-default\" data-id=\"d1b8091\" data-element_type=\"section\" data-settings=\"{&quot;background_background&quot;:&quot;classic&quot;}\">\n\t\t\t\t\t\t\t<div class=\"elementor-background-overlay\"><\/div>\n\t\t\t\t\t\t\t<div class=\"elementor-container elementor-column-gap-default\">\n\t\t\t\t\t<div class=\"elementor-column elementor-col-50 elementor-top-column elementor-element elementor-element-8ef2c6d\" data-id=\"8ef2c6d\" data-element_type=\"column\">\n\t\t\t<div class=\"elementor-widget-wrap elementor-element-populated\">\n\t\t\t\t\t\t<div class=\"elementor-element elementor-element-2ca1a76 elementor-widget elementor-widget-heading\" data-id=\"2ca1a76\" data-element_type=\"widget\" data-widget_type=\"heading.default\">\n\t\t\t\t<div class=\"elementor-widget-container\">\n\t\t\t\t\t<h1 class=\"elementor-heading-title elementor-size-default\">Contato<\/h1>\t\t\t\t<\/div>\n\t\t\t\t<\/div>\n\t\t\t\t\t<\/div>\n\t\t<\/div>\n\t\t\t\t<div class=\"elementor-column elementor-col-50 elementor-top-column elementor-element elementor-element-26f37cc\" data-id=\"26f37cc\" data-element_type=\"column\">\n\t\t\t<div class=\"elementor-widget-wrap\">\n\t\t\t\t\t\t\t<\/div>\n\t\t<\/div>\n\t\t\t\t\t<\/div>\n\t\t<\/section>\n\t\t\t\t<section class=\"elementor-section elementor-top-section elementor-element elementor-element-4199598 elementor-section-boxed elementor-section-height-default elementor-section-height-default\" data-id=\"4199598\" data-element_type=\"section\">\n\t\t\t\t\t\t<div class=\"elementor-container elementor-column-gap-default\">\n\t\t\t\t\t<div class=\"elementor-column elementor-col-50 elementor-top-column elementor-element elementor-element-e2fde2d\" data-id=\"e2fde2d\" data-element_type=\"column\">\n\t\t\t<div class=\"elementor-widget-wrap elementor-element-populated\">\n\t\t\t\t\t\t<div class=\"elementor-element elementor-element-94d69f2 elementor-widget elementor-widget-text-editor\" data-id=\"94d69f2\" data-element_type=\"widget\" data-widget_type=\"text-editor.default\">\n\t\t\t\t<div class=\"elementor-widget-container\">\n\t\t\t\t\t\t\t\t\t<p data-start=\"174\" data-end=\"339\">Tem d\u00favidas sobre nossos produtos qu\u00edmicos, precisa de suporte t\u00e9cnico ou quer solicitar um or\u00e7amento?<br data-start=\"276\" data-end=\"279\" \/>Estamos prontos para atender voc\u00ea com agilidade e seguran\u00e7a.<\/p><p data-start=\"341\" data-end=\"474\">Preencha o formul\u00e1rio abaixo ou entre em contato pelos canais abaixo.<br data-start=\"411\" data-end=\"414\" \/>Nossa equipe especializada responder\u00e1 o mais breve poss\u00edvel.<\/p><p data-start=\"476\" data-end=\"563\"><strong data-start=\"476\" data-end=\"563\">Atendimento personalizado para ind\u00fastrias, distribuidores e profissionais do setor.<\/strong><\/p><p data-start=\"565\" data-end=\"638\">\ud83d\udcde Telefone: (11) 99879-5629.<br data-start=\"592\" data-end=\"595\" \/>\ud83d\udce7 E-mail: <a rel=\"noopener\" data-start=\"606\" data-end=\"638\">contato@advexbrasil.com.br<\/a><\/p>\t\t\t\t\t\t\t\t<\/div>\n\t\t\t\t<\/div>\n\t\t\t\t\t<\/div>\n\t\t<\/div>\n\t\t\t\t<div class=\"elementor-column elementor-col-50 elementor-top-column elementor-element elementor-element-7c4b594\" data-id=\"7c4b594\" data-element_type=\"column\" data-settings=\"{&quot;background_background&quot;:&quot;gradient&quot;}\">\n\t\t\t<div class=\"elementor-widget-wrap elementor-element-populated\">\n\t\t\t\t\t\t<div class=\"elementor-element elementor-element-dfd4992 elementor-widget elementor-widget-image\" data-id=\"dfd4992\" data-element_type=\"widget\" data-widget_type=\"image.default\">\n\t\t\t\t<div class=\"elementor-widget-container\">\n\t\t\t\t\t\t\t\t\t\t\t\t\t\t\t<img fetchpriority=\"high\" decoding=\"async\" width=\"820\" height=\"303\" src=\"https:\/\/advexbrasil.com.br\/wp-content\/uploads\/2025\/06\/cropped-cropped-Texto_do_seu_paragrafo__2_-removebg-preview.png\" class=\"attachment-large size-large wp-image-1170\" alt=\"\" srcset=\"https:\/\/advexbrasil.com.br\/wp-content\/uploads\/2025\/06\/cropped-cropped-Texto_do_seu_paragrafo__2_-removebg-preview.png 820w, https:\/\/advexbrasil.com.br\/wp-content\/uploads\/2025\/06\/cropped-cropped-Texto_do_seu_paragrafo__2_-removebg-preview-300x111.png 300w, https:\/\/advexbrasil.com.br\/wp-content\/uploads\/2025\/06\/cropped-cropped-Texto_do_seu_paragrafo__2_-removebg-preview-768x284.png 768w\" sizes=\"(max-width: 820px) 100vw, 820px\" \/>\t\t\t\t\t\t\t\t\t\t\t\t\t\t\t<\/div>\n\t\t\t\t<\/div>\n\t\t\t\t<div class=\"elementor-element elementor-element-0e33290 elementor-widget elementor-widget-wp-widget-wpforms-widget\" data-id=\"0e33290\" data-element_type=\"widget\" data-widget_type=\"wp-widget-wpforms-widget.default\">\n\t\t\t\t<div class=\"elementor-widget-container\">\n\t\t\t\t\t<div class=\"wpforms-container wpforms-container-full wpforms-render-modern\" id=\"wpforms-1222\"><form id=\"wpforms-form-1222\" class=\"wpforms-validate wpforms-form wpforms-ajax-form\" data-formid=\"1222\" method=\"post\" enctype=\"multipart\/form-data\" action=\"\/index.php?rest_route=%2Fwp%2Fv2%2Fpages%2F878\" data-token=\"964512e768085bb6d19b9fcd08168a49\" data-token-time=\"1778393484\"><noscript class=\"wpforms-error-noscript\">Ative o JavaScript no seu navegador para preencher este formul\u00e1rio.<\/noscript><div class=\"wpforms-hidden\" id=\"wpforms-error-noscript\">Ative o JavaScript no seu navegador para preencher este formul\u00e1rio.<\/div><div class=\"wpforms-field-container\"><div id=\"wpforms-1222-field_1-container\" class=\"wpforms-field wpforms-field-name\" data-field-id=\"1\"><label class=\"wpforms-field-label\" for=\"wpforms-1222-field_1\">Nome <span class=\"wpforms-required-label\" aria-hidden=\"true\">*<\/span><\/label><input type=\"text\" id=\"wpforms-1222-field_1\" class=\"wpforms-field-medium wpforms-field-required\" name=\"wpforms[fields][1]\" aria-errormessage=\"wpforms-1222-field_1-error\" required><\/div><div id=\"wpforms-1222-field_2-container\" class=\"wpforms-field wpforms-field-email\" data-field-id=\"2\"><label class=\"wpforms-field-label\" for=\"wpforms-1222-field_2\">Email <span class=\"wpforms-required-label\" aria-hidden=\"true\">*<\/span><\/label><input type=\"email\" id=\"wpforms-1222-field_2\" class=\"wpforms-field-medium wpforms-field-required\" name=\"wpforms[fields][2]\" spellcheck=\"false\" aria-errormessage=\"wpforms-1222-field_2-error\" required><\/div><div id=\"wpforms-1222-field_5-container\" class=\"wpforms-field wpforms-field-number\" data-field-id=\"5\"><label class=\"wpforms-field-label\" for=\"wpforms-1222-field_5\">Telefone <span class=\"wpforms-required-label\" aria-hidden=\"true\">*<\/span><\/label><input type=\"number\" id=\"wpforms-1222-field_5\" class=\"wpforms-field-medium wpforms-field-required\" name=\"wpforms[fields][5]\" step=\"any\" aria-errormessage=\"wpforms-1222-field_5-error\" required><\/div><div id=\"wpforms-1222-field_3-container\" class=\"wpforms-field wpforms-field-textarea\" data-field-id=\"3\"><label class=\"wpforms-field-label\" for=\"wpforms-1222-field_3\">Como podemos ajudar?<\/label><textarea id=\"wpforms-1222-field_3\" class=\"wpforms-field-medium\" name=\"wpforms[fields][3]\" aria-errormessage=\"wpforms-1222-field_3-error\" ><\/textarea><\/div><\/div><!-- .wpforms-field-container --><div class=\"wpforms-submit-container\" ><input type=\"hidden\" name=\"wpforms[id]\" value=\"1222\"><input type=\"hidden\" name=\"page_title\" value=\"\"><input type=\"hidden\" name=\"page_url\" value=\"https:\/\/advexbrasil.com.br\/index.php?rest_route=\/wp\/v2\/pages\/878\"><input type=\"hidden\" name=\"url_referer\" value=\"\"><button type=\"submit\" name=\"wpforms[submit]\" id=\"wpforms-submit-1222\" class=\"wpforms-submit\" data-alt-text=\"Carregando\" data-submit-text=\"Enviar \" aria-live=\"assertive\" value=\"wpforms-submit\">Enviar <\/button><img decoding=\"async\" src=\"https:\/\/advexbrasil.com.br\/wp-content\/plugins\/wpforms-lite\/assets\/images\/submit-spin.svg\" class=\"wpforms-submit-spinner\" style=\"display: none;\" width=\"26\" height=\"26\" alt=\"Carregando\"><\/div><\/form><\/div>  <!-- .wpforms-container -->\t\t\t\t<\/div>\n\t\t\t\t<\/div>\n\t\t\t\t\t<\/div>\n\t\t<\/div>\n\t\t\t\t\t<\/div>\n\t\t<\/section>\n\t\t\t\t<section class=\"elementor-section elementor-top-section elementor-element elementor-element-734944d elementor-section-full_width elementor-section-height-default elementor-section-height-default\" data-id=\"734944d\" data-element_type=\"section\" data-settings=\"{&quot;background_background&quot;:&quot;classic&quot;}\">\n\t\t\t\t\t\t\t<div class=\"elementor-background-overlay\"><\/div>\n\t\t\t\t\t\t\t<div class=\"elementor-container elementor-column-gap-default\">\n\t\t\t\t\t<div class=\"elementor-column elementor-col-100 elementor-top-column elementor-element elementor-element-0d6976f\" data-id=\"0d6976f\" data-element_type=\"column\">\n\t\t\t<div class=\"elementor-widget-wrap elementor-element-populated\">\n\t\t\t\t\t\t<section class=\"elementor-section elementor-inner-section elementor-element elementor-element-fed3b8f elementor-section-boxed elementor-section-height-default elementor-section-height-default\" data-id=\"fed3b8f\" data-element_type=\"section\">\n\t\t\t\t\t\t<div class=\"elementor-container elementor-column-gap-default\">\n\t\t\t\t\t<div class=\"elementor-column elementor-col-100 elementor-inner-column elementor-element elementor-element-f8e24fa\" data-id=\"f8e24fa\" data-element_type=\"column\">\n\t\t\t<div class=\"elementor-widget-wrap elementor-element-populated\">\n\t\t\t\t\t\t<div class=\"elementor-element elementor-element-81a1b8c elementor-widget elementor-widget-google_maps\" data-id=\"81a1b8c\" data-element_type=\"widget\" data-widget_type=\"google_maps.default\">\n\t\t\t\t<div class=\"elementor-widget-container\">\n\t\t\t\t\t\t\t<div class=\"elementor-custom-embed\">\n\t\t\t<iframe loading=\"lazy\"\n\t\t\t\t\tsrc=\"https:\/\/maps.google.com\/maps?q=S%C3%A3o%20Paulo&#038;t=m&#038;z=15&#038;output=embed&#038;iwloc=near\"\n\t\t\t\t\ttitle=\"S\u00e3o Paulo\"\n\t\t\t\t\taria-label=\"S\u00e3o Paulo\"\n\t\t\t><\/iframe>\n\t\t<\/div>\n\t\t\t\t\t\t<\/div>\n\t\t\t\t<\/div>\n\t\t\t\t\t<\/div>\n\t\t<\/div>\n\t\t\t\t\t<\/div>\n\t\t<\/section>\n\t\t\t\t\t<\/div>\n\t\t<\/div>\n\t\t\t\t\t<\/div>\n\t\t<\/section>\n\t\t\t\t<\/div>\n\t\t","protected":false},"excerpt":{"rendered":"<p>Contato Tem d\u00favidas sobre nossos produtos qu\u00edmicos, precisa de suporte t\u00e9cnico ou quer solicitar um or\u00e7amento?Estamos prontos para atender voc\u00ea com agilidade e seguran\u00e7a. Preencha o formul\u00e1rio abaixo ou entre em contato pelos canais abaixo.Nossa equipe especializada responder\u00e1 o mais breve poss\u00edvel. Atendimento personalizado para ind\u00fastrias, distribuidores e profissionais do setor. \ud83d\udcde Telefone: (11) 99879-5629.\ud83d\udce7&#8230;<\/p>\n","protected":false},"author":1,"featured_media":0,"parent":0,"menu_order":0,"comment_status":"closed","ping_status":"closed","template":"","meta":{"_kadence_starter_templates_imported_post":true,"_kad_post_transparent":"","_kad_post_title":"hide","_kad_post_layout":"fullwidth","_kad_post_sidebar_id":"","_kad_post_content_style":"unboxed","_kad_post_vertical_padding":"hide","_kad_post_feature":"hide","_kad_post_feature_position":"","_kad_post_header":false,"_kad_post_footer":false,"footnotes":""},"class_list":["post-878","page","type-page","status-publish","hentry"],"_links":{"self":[{"href":"https:\/\/advexbrasil.com.br\/index.php?rest_route=\/wp\/v2\/pages\/878","targetHints":{"allow":["GET"]}}],"collection":[{"href":"https:\/\/advexbrasil.com.br\/index.php?rest_route=\/wp\/v2\/pages"}],"about":[{"href":"https:\/\/advexbrasil.com.br\/index.php?rest_route=\/wp\/v2\/types\/page"}],"author":[{"embeddable":true,"href":"https:\/\/advexbrasil.com.br\/index.php?rest_route=\/wp\/v2\/users\/1"}],"replies":[{"embeddable":true,"href":"https:\/\/advexbrasil.com.br\/index.php?rest_route=%2Fwp%2Fv2%2Fcomments&post=878"}],"version-history":[{"count":21,"href":"https:\/\/advexbrasil.com.br\/index.php?rest_route=\/wp\/v2\/pages\/878\/revisions"}],"predecessor-version":[{"id":1246,"href":"https:\/\/advexbrasil.com.br\/index.php?rest_route=\/wp\/v2\/pages\/878\/revisions\/1246"}],"wp:attachment":[{"href":"https:\/\/advexbrasil.com.br\/index.php?rest_route=%2Fwp%2Fv2%2Fmedia&parent=878"}],"curies":[{"name":"wp","href":"https:\/\/api.w.org\/{rel}","templated":true}]}}